{"id":1666,"date":"2022-05-26T09:57:15","date_gmt":"2022-05-26T09:57:15","guid":{"rendered":"https:\/\/wp.themerange.net\/montro\/?page_id=1666"},"modified":"2025-07-28T10:00:17","modified_gmt":"2025-07-28T10:00:17","slug":"services","status":"publish","type":"page","link":"https:\/\/cndesge.org\/?page_id=1666","title":{"rendered":"Sectores"},"content":{"rendered":"\t\t<div data-elementor-type=\"wp-page\" data-elementor-id=\"1666\" class=\"elementor elementor-1666\">\n\t\t\t\t\t\t<section class=\"elementor-section elementor-top-section elementor-element elementor-element-12fb55a8 elementor-section-full_width elementor-section-height-full elementor-section-height-default elementor-section-items-middle\" data-id=\"12fb55a8\" data-element_type=\"section\" data-e-type=\"section\">\n\t\t\t\t\t\t<div class=\"elementor-container elementor-column-gap-default\">\n\t\t\t\t\t<div class=\"elementor-column elementor-col-100 elementor-top-column elementor-element elementor-element-11c924d4\" data-id=\"11c924d4\" data-element_type=\"column\" data-e-type=\"column\">\n\t\t\t<div class=\"elementor-widget-wrap elementor-element-populated\">\n\t\t\t\t\t\t<div class=\"elementor-element elementor-element-5335c425 elementor-widget elementor-widget-montro_services_v4\" data-id=\"5335c425\" data-element_type=\"widget\" data-e-type=\"widget\" data-widget_type=\"montro_services_v4.default\">\n\t\t\t\t<div class=\"elementor-widget-container\">\n\t\t\t\t\t        \r\n        <!-- Services Section Two -->\r\n        <section class=\"services-section-two\">\r\n            <div class=\"pattern-layer\" ><\/div>\r\n            \r\n                        <div class=\"auto-container\">\r\n                <!-- Sec Title -->\r\n                <div class=\"sec-title centered\">\r\n                \t                    <div class=\"title\"><span class=\"separator\"><\/span>Sectores de actuaci\u00f3n<span class=\"separator-two\"><\/span><\/div>\r\n                                        <h2><\/h2>\r\n                <\/div>\r\n                \r\n                                <div class=\"row clearfix\">\r\n                \t                    <!-- Service Block Two -->\r\n                    <div class=\"service-block-two col-lg-4 col-md-6 col-sm-12\">\r\n                        <div class=\"inner-box\">\r\n                            <div class=\"image\">\r\n                                <img decoding=\"async\" src=\"https:\/\/cndesge.org\/wp-content\/uploads\/2025\/03\/1.png\" alt=\"Awesome Image\" \/>\r\n                                <div class=\"overlay-box\">\r\n                                    <div class=\"overlay-inner\">\r\n                                        <div class=\"content\">\r\n                                            <div class=\"text\"><\/div>\r\n                                            <a href=\"#\" class=\"read-more theme-btn\">Ver m\u00e1s<\/a>\r\n                                        <\/div>\r\n                                    <\/div>\r\n                                <\/div>\r\n                            <\/div>\r\n                            <div class=\"lower-box\">\r\n                                <div class=\"box-inner\">\r\n                                                                        <div class=\"icon fa fa-money\"><\/div>\r\n                                \t                                    \r\n                                    <h6><a href=\"#\">Sector econ\u00f3mico<\/a><\/h6>\r\n                                <\/div>\r\n                            <\/div>\r\n                        <\/div>\r\n                    <\/div>\r\n    \t\t\t\t                    <!-- Service Block Two -->\r\n                    <div class=\"service-block-two col-lg-4 col-md-6 col-sm-12\">\r\n                        <div class=\"inner-box\">\r\n                            <div class=\"image\">\r\n                                <img decoding=\"async\" src=\"https:\/\/cndesge.org\/wp-content\/uploads\/2025\/03\/2.png\" alt=\"Awesome Image\" \/>\r\n                                <div class=\"overlay-box\">\r\n                                    <div class=\"overlay-inner\">\r\n                                        <div class=\"content\">\r\n                                            <div class=\"text\"><\/div>\r\n                                            <a href=\"#\" class=\"read-more theme-btn\">Ver m\u00e1s<\/a>\r\n                                        <\/div>\r\n                                    <\/div>\r\n                                <\/div>\r\n                            <\/div>\r\n                            <div class=\"lower-box\">\r\n                                <div class=\"box-inner\">\r\n                                                                        <div class=\"icon flaticon-industrial-robot\"><\/div>\r\n                                \t                                    \r\n                                    <h6><a href=\"#\">Sector industrial<\/a><\/h6>\r\n                                <\/div>\r\n                            <\/div>\r\n                        <\/div>\r\n                    <\/div>\r\n    \t\t\t\t                    <!-- Service Block Two -->\r\n                    <div class=\"service-block-two col-lg-4 col-md-6 col-sm-12\">\r\n                        <div class=\"inner-box\">\r\n                            <div class=\"image\">\r\n                                <img decoding=\"async\" src=\"https:\/\/cndesge.org\/wp-content\/uploads\/2025\/03\/4.png\" alt=\"Awesome Image\" \/>\r\n                                <div class=\"overlay-box\">\r\n                                    <div class=\"overlay-inner\">\r\n                                        <div class=\"content\">\r\n                                            <div class=\"text\"><\/div>\r\n                                            <a href=\"#\" class=\"read-more theme-btn\">Ver M\u00e1s<\/a>\r\n                                        <\/div>\r\n                                    <\/div>\r\n                                <\/div>\r\n                            <\/div>\r\n                            <div class=\"lower-box\">\r\n                                <div class=\"box-inner\">\r\n                                                                        <div class=\"icon flaticon-project\"><\/div>\r\n                                \t                                    \r\n                                    <h6><a href=\"#\">Sector laboral<\/a><\/h6>\r\n                                <\/div>\r\n                            <\/div>\r\n                        <\/div>\r\n                    <\/div>\r\n    \t\t\t\t                    <!-- Service Block Two -->\r\n                    <div class=\"service-block-two col-lg-4 col-md-6 col-sm-12\">\r\n                        <div class=\"inner-box\">\r\n                            <div class=\"image\">\r\n                                <img decoding=\"async\" src=\"https:\/\/cndesge.org\/wp-content\/uploads\/2025\/03\/3.png\" alt=\"Awesome Image\" \/>\r\n                                <div class=\"overlay-box\">\r\n                                    <div class=\"overlay-inner\">\r\n                                        <div class=\"content\">\r\n                                            <div class=\"text\"><\/div>\r\n                                            <a href=\"#\" class=\"read-more theme-btn\">Ver m\u00e1s<\/a>\r\n                                        <\/div>\r\n                                    <\/div>\r\n                                <\/div>\r\n                            <\/div>\r\n                            <div class=\"lower-box\">\r\n                                <div class=\"box-inner\">\r\n                                                                        <div class=\"icon flaticon-building\"><\/div>\r\n                                \t                                    \r\n                                    <h6><a href=\"#\">Sector social<\/a><\/h6>\r\n                                <\/div>\r\n                            <\/div>\r\n                        <\/div>\r\n                    <\/div>\r\n    \t\t\t\t                    <!-- Service Block Two -->\r\n                    <div class=\"service-block-two col-lg-4 col-md-6 col-sm-12\">\r\n                        <div class=\"inner-box\">\r\n                            <div class=\"image\">\r\n                                <img decoding=\"async\" src=\"https:\/\/cndesge.org\/wp-content\/uploads\/2025\/03\/5.png\" alt=\"Awesome Image\" \/>\r\n                                <div class=\"overlay-box\">\r\n                                    <div class=\"overlay-inner\">\r\n                                        <div class=\"content\">\r\n                                            <div class=\"text\"><\/div>\r\n                                            <a href=\"#\" class=\"read-more theme-btn\">Ver m\u00e1s<\/a>\r\n                                        <\/div>\r\n                                    <\/div>\r\n                                <\/div>\r\n                            <\/div>\r\n                            <div class=\"lower-box\">\r\n                                <div class=\"box-inner\">\r\n                                                                        <div class=\"icon fa fa-hand-o-right\"><\/div>\r\n                                \t                                    \r\n                                    <h6><a href=\"#\">Sector cultural<\/a><\/h6>\r\n                                <\/div>\r\n                            <\/div>\r\n                        <\/div>\r\n                    <\/div>\r\n    \t\t\t\t                    <!-- Service Block Two -->\r\n                    <div class=\"service-block-two col-lg-4 col-md-6 col-sm-12\">\r\n                        <div class=\"inner-box\">\r\n                            <div class=\"image\">\r\n                                <img decoding=\"async\" src=\"https:\/\/cndesge.org\/wp-content\/uploads\/2025\/03\/6.png\" alt=\"Awesome Image\" \/>\r\n                                <div class=\"overlay-box\">\r\n                                    <div class=\"overlay-inner\">\r\n                                        <div class=\"content\">\r\n                                            <div class=\"text\"><\/div>\r\n                                            <a href=\"#\" class=\"read-more theme-btn\">Ver m\u00e1s<\/a>\r\n                                        <\/div>\r\n                                    <\/div>\r\n                                <\/div>\r\n                            <\/div>\r\n                            <div class=\"lower-box\">\r\n                                <div class=\"box-inner\">\r\n                                                                        <div class=\"icon fa fa-tree\"><\/div>\r\n                                \t                                    \r\n                                    <h6><a href=\"#\">Sector medio mabiental<\/a><\/h6>\r\n                                <\/div>\r\n                            <\/div>\r\n                        <\/div>\r\n                    <\/div>\r\n    \t\t\t\t                <\/div>\r\n                            <\/div>\r\n        <\/section>\r\n        <!-- End Services Section Two -->\r\n        \r\n        \t\t\t\t<\/div>\n\t\t\t\t<\/div>\n\t\t\t\t\t<\/div>\n\t\t<\/div>\n\t\t\t\t\t<\/div>\n\t\t<\/section>\n\t\t\t\t<\/div>\n\t\t","protected":false},"excerpt":{"rendered":"<p>Sectores de actuaci\u00f3n Ver m\u00e1s Sector econ\u00f3mico Ver m\u00e1s Sector industrial Ver M\u00e1s Sector laboral Ver m\u00e1s Sector social Ver m\u00e1s Sector cultural Ver m\u00e1s Sector medio mabiental<\/p>\n","protected":false},"author":1,"featured_media":0,"parent":0,"menu_order":0,"comment_status":"closed","ping_status":"closed","template":"","meta":{"footnotes":""},"class_list":["post-1666","page","type-page","status-publish","hentry"],"_links":{"self":[{"href":"https:\/\/cndesge.org\/index.php?rest_route=\/wp\/v2\/pages\/1666","targetHints":{"allow":["GET"]}}],"collection":[{"href":"https:\/\/cndesge.org\/index.php?rest_route=\/wp\/v2\/pages"}],"about":[{"href":"https:\/\/cndesge.org\/index.php?rest_route=\/wp\/v2\/types\/page"}],"author":[{"embeddable":true,"href":"https:\/\/cndesge.org\/index.php?rest_route=\/wp\/v2\/users\/1"}],"replies":[{"embeddable":true,"href":"https:\/\/cndesge.org\/index.php?rest_route=%2Fwp%2Fv2%2Fcomments&post=1666"}],"version-history":[{"count":48,"href":"https:\/\/cndesge.org\/index.php?rest_route=\/wp\/v2\/pages\/1666\/revisions"}],"predecessor-version":[{"id":11441,"href":"https:\/\/cndesge.org\/index.php?rest_route=\/wp\/v2\/pages\/1666\/revisions\/11441"}],"wp:attachment":[{"href":"https:\/\/cndesge.org\/index.php?rest_route=%2Fwp%2Fv2%2Fmedia&parent=1666"}],"curies":[{"name":"wp","href":"https:\/\/api.w.org\/{rel}","templated":true}]}}