{"id":1575,"date":"2022-05-26T08:41:22","date_gmt":"2022-05-26T08:41:22","guid":{"rendered":"https:\/\/wp.themerange.net\/montro\/?page_id=1575"},"modified":"2025-10-02T14:56:21","modified_gmt":"2025-10-02T14:56:21","slug":"faqs","status":"publish","type":"page","link":"https:\/\/cndesge.org\/?page_id=1575","title":{"rendered":"ENLACES"},"content":{"rendered":"\t\t<div data-elementor-type=\"wp-page\" data-elementor-id=\"1575\" class=\"elementor elementor-1575\">\n\t\t\t\t<div class=\"elementor-element elementor-element-dea80d7 e-flex e-con-boxed e-con e-parent\" data-id=\"dea80d7\" data-element_type=\"container\" data-e-type=\"container\">\n\t\t\t\t\t<div class=\"e-con-inner\">\n\t\t\t\t<div class=\"elementor-element elementor-element-2c0f72d elementor-widget elementor-widget-spacer\" data-id=\"2c0f72d\" data-element_type=\"widget\" data-e-type=\"widget\" data-widget_type=\"spacer.default\">\n\t\t\t\t<div class=\"elementor-widget-container\">\n\t\t\t\t\t\t\t<div class=\"elementor-spacer\">\n\t\t\t<div class=\"elementor-spacer-inner\"><\/div>\n\t\t<\/div>\n\t\t\t\t\t\t<\/div>\n\t\t\t\t<\/div>\n\t\t\t\t\t<\/div>\n\t\t\t\t<\/div>\n\t\t<div class=\"elementor-element elementor-element-9b07825 e-flex e-con-boxed e-con e-parent\" data-id=\"9b07825\" data-element_type=\"container\" data-e-type=\"container\">\n\t\t\t\t\t<div class=\"e-con-inner\">\n\t\t<div class=\"elementor-element elementor-element-9af544e e-con-full e-flex e-con e-child\" data-id=\"9af544e\" data-element_type=\"container\" data-e-type=\"container\">\n\t\t\t\t<div class=\"elementor-element elementor-element-072c20a elementor-widget elementor-widget-montro_call_to_action_v1\" data-id=\"072c20a\" data-element_type=\"widget\" data-e-type=\"widget\" data-widget_type=\"montro_call_to_action_v1.default\">\n\t\t\t\t<div class=\"elementor-widget-container\">\n\t\t\t\t\t\r\n        <!-- CTA Section -->\r\n        <section class=\"cta-section\" style=\"background-image:url(https:\/\/cndesge.org\/wp-content\/uploads\/2025\/03\/guineaecuatorial-800x800-1.jpg)\">\r\n            <div class=\"auto-container\">\r\n                <!-- Sec Title -->\r\n                <div class=\"title-box\">\r\n                    <h2><\/h2>\r\n                <\/div>\r\n                \r\n                                \r\n                <div class=\"btn-box text-center\">\r\n                \t                    <a href=\"https:\/\/www.guineaecuatorialpress.com\/\" class=\"btn-style-five theme-btn\"><span class=\"txt\">Gobierno de Guinea Ecuatorial<\/span><\/a>\r\n                                        \r\n                                    <\/div>\r\n            <\/div>\r\n        <\/section>\r\n        <!-- End CTA Section -->\r\n        \r\n        \t\t\t\t<\/div>\n\t\t\t\t<\/div>\n\t\t\t\t<div class=\"elementor-element elementor-element-46c3c41 elementor-widget elementor-widget-montro_call_to_action_v1\" data-id=\"46c3c41\" data-element_type=\"widget\" data-e-type=\"widget\" data-widget_type=\"montro_call_to_action_v1.default\">\n\t\t\t\t<div class=\"elementor-widget-container\">\n\t\t\t\t\t\r\n        <!-- CTA Section -->\r\n        <section class=\"cta-section\" style=\"background-image:url(https:\/\/cndesge.org\/wp-content\/uploads\/2025\/03\/guineaecuatorial-800x800-1.jpg)\">\r\n            <div class=\"auto-container\">\r\n                <!-- Sec Title -->\r\n                <div class=\"title-box\">\r\n                    <h2><\/h2>\r\n                <\/div>\r\n                \r\n                                \r\n                <div class=\"btn-box text-center\">\r\n                \t                    <a href=\"https:\/\/www.guineaecuatorialpress.com\/\" class=\"btn-style-five theme-btn\"><span class=\"txt\">Ministerio de Transportes, Telecomunicaciones y Sistemas de Inteligencia Artificial<\/span><\/a>\r\n                                        \r\n                                    <\/div>\r\n            <\/div>\r\n        <\/section>\r\n        <!-- End CTA Section -->\r\n        \r\n        \t\t\t\t<\/div>\n\t\t\t\t<\/div>\n\t\t\t\t<div class=\"elementor-element elementor-element-6dd05d1 elementor-widget elementor-widget-montro_call_to_action_v1\" data-id=\"6dd05d1\" data-element_type=\"widget\" data-e-type=\"widget\" data-widget_type=\"montro_call_to_action_v1.default\">\n\t\t\t\t<div class=\"elementor-widget-container\">\n\t\t\t\t\t\r\n        <!-- CTA Section -->\r\n        <section class=\"cta-section\" style=\"background-image:url(https:\/\/cndesge.org\/wp-content\/uploads\/2025\/03\/guineaecuatorial-800x800-1.jpg)\">\r\n            <div class=\"auto-container\">\r\n                <!-- Sec Title -->\r\n                <div class=\"title-box\">\r\n                    <h2><\/h2>\r\n                <\/div>\r\n                \r\n                                \r\n                <div class=\"btn-box text-center\">\r\n                \t                    <a href=\"https:\/\/minindustria.gob.gq\/\" class=\"btn-style-five theme-btn\"><span class=\"txt\">Ministerio de Comercio, Promoci\u00f3n de Empresas e Industria.<\/span><\/a>\r\n                                        \r\n                                    <\/div>\r\n            <\/div>\r\n        <\/section>\r\n        <!-- End CTA Section -->\r\n        \r\n        \t\t\t\t<\/div>\n\t\t\t\t<\/div>\n\t\t\t\t<div class=\"elementor-element elementor-element-9f08f37 elementor-widget elementor-widget-montro_call_to_action_v1\" data-id=\"9f08f37\" data-element_type=\"widget\" data-e-type=\"widget\" data-widget_type=\"montro_call_to_action_v1.default\">\n\t\t\t\t<div class=\"elementor-widget-container\">\n\t\t\t\t\t\r\n        <!-- CTA Section -->\r\n        <section class=\"cta-section\" style=\"background-image:url(https:\/\/cndesge.org\/wp-content\/uploads\/2025\/03\/guineaecuatorial-800x800-1.jpg)\">\r\n            <div class=\"auto-container\">\r\n                <!-- Sec Title -->\r\n                <div class=\"title-box\">\r\n                    <h2><\/h2>\r\n                <\/div>\r\n                \r\n                                \r\n                <div class=\"btn-box text-center\">\r\n                \t                    <a href=\"http:\/\/www.minjusticia.gob.gq\" class=\"btn-style-five theme-btn\"><span class=\"txt\">Ministerio de Justicia, Culto y Derechos Humanos<\/span><\/a>\r\n                                        \r\n                                    <\/div>\r\n            <\/div>\r\n        <\/section>\r\n        <!-- End CTA Section -->\r\n        \r\n        \t\t\t\t<\/div>\n\t\t\t\t<\/div>\n\t\t\t\t<\/div>\n\t\t<div class=\"elementor-element elementor-element-6151e8c e-con-full e-flex e-con e-child\" data-id=\"6151e8c\" data-element_type=\"container\" data-e-type=\"container\">\n\t\t\t\t<div class=\"elementor-element elementor-element-8316444 elementor-widget elementor-widget-montro_call_to_action_v1\" data-id=\"8316444\" data-element_type=\"widget\" data-e-type=\"widget\" data-widget_type=\"montro_call_to_action_v1.default\">\n\t\t\t\t<div class=\"elementor-widget-container\">\n\t\t\t\t\t\r\n        <!-- CTA Section -->\r\n        <section class=\"cta-section\" style=\"background-image:url(https:\/\/cndesge.org\/wp-content\/uploads\/2025\/03\/guineaecuatorial-800x800-1.jpg)\">\r\n            <div class=\"auto-container\">\r\n                <!-- Sec Title -->\r\n                <div class=\"title-box\">\r\n                    <h2><\/h2>\r\n                <\/div>\r\n                \r\n                                \r\n                <div class=\"btn-box text-center\">\r\n                \t                    <a href=\"https:\/\/www.guineaecuatorialpress.com\/\" class=\"btn-style-five theme-btn\"><span class=\"txt\">Ministerio de Hidrocarburos y Desarrollo Minero<\/span><\/a>\r\n                                        \r\n                                    <\/div>\r\n            <\/div>\r\n        <\/section>\r\n        <!-- End CTA Section -->\r\n        \r\n        \t\t\t\t<\/div>\n\t\t\t\t<\/div>\n\t\t\t\t<div class=\"elementor-element elementor-element-fec2c52 elementor-widget elementor-widget-montro_call_to_action_v1\" data-id=\"fec2c52\" data-element_type=\"widget\" data-e-type=\"widget\" data-widget_type=\"montro_call_to_action_v1.default\">\n\t\t\t\t<div class=\"elementor-widget-container\">\n\t\t\t\t\t\r\n        <!-- CTA Section -->\r\n        <section class=\"cta-section\" style=\"background-image:url(https:\/\/cndesge.org\/wp-content\/uploads\/2025\/03\/guineaecuatorial-800x800-1.jpg)\">\r\n            <div class=\"auto-container\">\r\n                <!-- Sec Title -->\r\n                <div class=\"title-box\">\r\n                    <h2><\/h2>\r\n                <\/div>\r\n                \r\n                                \r\n                <div class=\"btn-box text-center\">\r\n                \t                    <a href=\"http:\/\/www.mincultur.gob.gq\" class=\"btn-style-five theme-btn\"><span class=\"txt\">Ministerio de Informaci\u00f3n, Prensa y Cultura.<\/span><\/a>\r\n                                        \r\n                                    <\/div>\r\n            <\/div>\r\n        <\/section>\r\n        <!-- End CTA Section -->\r\n        \r\n        \t\t\t\t<\/div>\n\t\t\t\t<\/div>\n\t\t\t\t<div class=\"elementor-element elementor-element-37f4dd0 elementor-widget elementor-widget-montro_call_to_action_v1\" data-id=\"37f4dd0\" data-element_type=\"widget\" data-e-type=\"widget\" data-widget_type=\"montro_call_to_action_v1.default\">\n\t\t\t\t<div class=\"elementor-widget-container\">\n\t\t\t\t\t\r\n        <!-- CTA Section -->\r\n        <section class=\"cta-section\" style=\"background-image:url(https:\/\/cndesge.org\/wp-content\/uploads\/2025\/03\/guineaecuatorial-800x800-1.jpg)\">\r\n            <div class=\"auto-container\">\r\n                <!-- Sec Title -->\r\n                <div class=\"title-box\">\r\n                    <h2><\/h2>\r\n                <\/div>\r\n                \r\n                                \r\n                <div class=\"btn-box text-center\">\r\n                \t                    <a href=\"http:\/\/www.minagricultura.gob.gq\" class=\"btn-style-five theme-btn\"><span class=\"txt\">Ministerio de Agricultura, Ganader\u00eda, Bosques y Medio Ambiente<\/span><\/a>\r\n                                        \r\n                                    <\/div>\r\n            <\/div>\r\n        <\/section>\r\n        <!-- End CTA Section -->\r\n        \r\n        \t\t\t\t<\/div>\n\t\t\t\t<\/div>\n\t\t\t\t<div class=\"elementor-element elementor-element-035aab7 elementor-widget elementor-widget-montro_call_to_action_v1\" data-id=\"035aab7\" data-element_type=\"widget\" data-e-type=\"widget\" data-widget_type=\"montro_call_to_action_v1.default\">\n\t\t\t\t<div class=\"elementor-widget-container\">\n\t\t\t\t\t\r\n        <!-- CTA Section -->\r\n        <section class=\"cta-section\" style=\"background-image:url(https:\/\/cndesge.org\/wp-content\/uploads\/2025\/03\/guineaecuatorial-800x800-1.jpg)\">\r\n            <div class=\"auto-container\">\r\n                <!-- Sec Title -->\r\n                <div class=\"title-box\">\r\n                    <h2><\/h2>\r\n                <\/div>\r\n                \r\n                                \r\n                <div class=\"btn-box text-center\">\r\n                \t                    <a href=\"https:\/\/minexteriores.gob.gq\/\" class=\"btn-style-five theme-btn\"><span class=\"txt\">Ministerio de Asuntos Exteriores Cooperaci\u00f3n Internacional y Diaspora<\/span><\/a>\r\n                                        \r\n                                    <\/div>\r\n            <\/div>\r\n        <\/section>\r\n        <!-- End CTA Section -->\r\n        \r\n        \t\t\t\t<\/div>\n\t\t\t\t<\/div>\n\t\t\t\t<div class=\"elementor-element elementor-element-ea4e520 elementor-widget elementor-widget-montro_call_to_action_v1\" data-id=\"ea4e520\" data-element_type=\"widget\" data-e-type=\"widget\" data-widget_type=\"montro_call_to_action_v1.default\">\n\t\t\t\t<div class=\"elementor-widget-container\">\n\t\t\t\t\t\r\n        <!-- CTA Section -->\r\n        <section class=\"cta-section\" style=\"background-image:url(https:\/\/cndesge.org\/wp-content\/uploads\/2025\/03\/guineaecuatorial-800x800-1.jpg)\">\r\n            <div class=\"auto-container\">\r\n                <!-- Sec Title -->\r\n                <div class=\"title-box\">\r\n                    <h2><\/h2>\r\n                <\/div>\r\n                \r\n                                \r\n                <div class=\"btn-box text-center\">\r\n                \t                    <a href=\"https:\/\/boe.gob.gq\/\" class=\"btn-style-five theme-btn\"><span class=\"txt\">Bolet\u00edn Oficial del Estado<\/span><\/a>\r\n                                        \r\n                                    <\/div>\r\n            <\/div>\r\n        <\/section>\r\n        <!-- End CTA Section -->\r\n        \r\n        \t\t\t\t<\/div>\n\t\t\t\t<\/div>\n\t\t\t\t<\/div>\n\t\t<div class=\"elementor-element elementor-element-ce71966 e-con-full e-flex e-con e-child\" data-id=\"ce71966\" data-element_type=\"container\" data-e-type=\"container\">\n\t\t\t\t<div class=\"elementor-element elementor-element-c1de32c elementor-widget elementor-widget-montro_call_to_action_v1\" data-id=\"c1de32c\" data-element_type=\"widget\" data-e-type=\"widget\" data-widget_type=\"montro_call_to_action_v1.default\">\n\t\t\t\t<div class=\"elementor-widget-container\">\n\t\t\t\t\t\r\n        <!-- CTA Section -->\r\n        <section class=\"cta-section\" style=\"background-image:url(https:\/\/cndesge.org\/wp-content\/uploads\/2025\/03\/guineaecuatorial-800x800-1.jpg)\">\r\n            <div class=\"auto-container\">\r\n                <!-- Sec Title -->\r\n                <div class=\"title-box\">\r\n                    <h2><\/h2>\r\n                <\/div>\r\n                \r\n                                \r\n                <div class=\"btn-box text-center\">\r\n                \t                    <a href=\"https:\/\/minfuncionpublica.gob.gq\/\" class=\"btn-style-five theme-btn\"><span class=\"txt\">Ministerio de la Funci\u00f3n P\u00fablica, Reforma Administrativa y Seguridad Social<\/span><\/a>\r\n                                        \r\n                                    <\/div>\r\n            <\/div>\r\n        <\/section>\r\n        <!-- End CTA Section -->\r\n        \r\n        \t\t\t\t<\/div>\n\t\t\t\t<\/div>\n\t\t\t\t<div class=\"elementor-element elementor-element-5105b1a elementor-widget elementor-widget-montro_call_to_action_v1\" data-id=\"5105b1a\" data-element_type=\"widget\" data-e-type=\"widget\" data-widget_type=\"montro_call_to_action_v1.default\">\n\t\t\t\t<div class=\"elementor-widget-container\">\n\t\t\t\t\t\r\n        <!-- CTA Section -->\r\n        <section class=\"cta-section\" style=\"background-image:url(https:\/\/cndesge.org\/wp-content\/uploads\/2025\/03\/guineaecuatorial-800x800-1.jpg)\">\r\n            <div class=\"auto-container\">\r\n                <!-- Sec Title -->\r\n                <div class=\"title-box\">\r\n                    <h2><\/h2>\r\n                <\/div>\r\n                \r\n                                \r\n                <div class=\"btn-box text-center\">\r\n                \t                    <a href=\"http:\/\/www.minindustria.gob.gq\" class=\"btn-style-five theme-btn\"><span class=\"txt\">Ministerio de Comercio, Promoci\u00f3n de Empresas e Industria.<\/span><\/a>\r\n                                        \r\n                                    <\/div>\r\n            <\/div>\r\n        <\/section>\r\n        <!-- End CTA Section -->\r\n        \r\n        \t\t\t\t<\/div>\n\t\t\t\t<\/div>\n\t\t\t\t<div class=\"elementor-element elementor-element-2bde580 elementor-widget elementor-widget-montro_call_to_action_v1\" data-id=\"2bde580\" data-element_type=\"widget\" data-e-type=\"widget\" data-widget_type=\"montro_call_to_action_v1.default\">\n\t\t\t\t<div class=\"elementor-widget-container\">\n\t\t\t\t\t\r\n        <!-- CTA Section -->\r\n        <section class=\"cta-section\" style=\"background-image:url(https:\/\/cndesge.org\/wp-content\/uploads\/2025\/03\/guineaecuatorial-800x800-1.jpg)\">\r\n            <div class=\"auto-container\">\r\n                <!-- Sec Title -->\r\n                <div class=\"title-box\">\r\n                    <h2><\/h2>\r\n                <\/div>\r\n                \r\n                                \r\n                <div class=\"btn-box text-center\">\r\n                \t                    <a href=\"http:\/\/www.minasig.gob.gq\" class=\"btn-style-five theme-btn\"><span class=\"txt\">Ministerio de Igualdad de G\u00e9nero , Asuntos Sociales y Artesan\u00eda<\/span><\/a>\r\n                                        \r\n                                    <\/div>\r\n            <\/div>\r\n        <\/section>\r\n        <!-- End CTA Section -->\r\n        \r\n        \t\t\t\t<\/div>\n\t\t\t\t<\/div>\n\t\t\t\t<div class=\"elementor-element elementor-element-9cbe2e6 elementor-widget elementor-widget-montro_call_to_action_v1\" data-id=\"9cbe2e6\" data-element_type=\"widget\" data-e-type=\"widget\" data-widget_type=\"montro_call_to_action_v1.default\">\n\t\t\t\t<div class=\"elementor-widget-container\">\n\t\t\t\t\t\r\n        <!-- CTA Section -->\r\n        <section class=\"cta-section\" style=\"background-image:url(https:\/\/cndesge.org\/wp-content\/uploads\/2025\/03\/guineaecuatorial-800x800-1.jpg)\">\r\n            <div class=\"auto-container\">\r\n                <!-- Sec Title -->\r\n                <div class=\"title-box\">\r\n                    <h2><\/h2>\r\n                <\/div>\r\n                \r\n                                \r\n                <div class=\"btn-box text-center\">\r\n                \t                    <a href=\"https:\/\/ccge.gob.gq\/es\/\" class=\"btn-style-five theme-btn\"><span class=\"txt\">Consejo de Cargadores Mar\u00edtimos de Guinea Ecuatorial<\/span><\/a>\r\n                                        \r\n                                    <\/div>\r\n            <\/div>\r\n        <\/section>\r\n        <!-- End CTA Section -->\r\n        \r\n        \t\t\t\t<\/div>\n\t\t\t\t<\/div>\n\t\t\t\t<\/div>\n\t\t<div class=\"elementor-element elementor-element-f2ed70b e-con-full e-flex e-con e-child\" data-id=\"f2ed70b\" data-element_type=\"container\" data-e-type=\"container\">\n\t\t\t\t<\/div>\n\t\t<div class=\"elementor-element elementor-element-24ba603 e-con-full e-flex e-con e-child\" data-id=\"24ba603\" data-element_type=\"container\" data-e-type=\"container\">\n\t\t\t\t<\/div>\n\t\t<div class=\"elementor-element elementor-element-b94a5cd e-con-full e-flex e-con e-child\" data-id=\"b94a5cd\" data-element_type=\"container\" data-e-type=\"container\">\n\t\t\t\t<\/div>\n\t\t\t\t\t<\/div>\n\t\t\t\t<\/div>\n\t\t\t\t<\/div>\n\t\t","protected":false},"excerpt":{"rendered":"<p>Gobierno de Guinea Ecuatorial Ministerio de Transportes, Telecomunicaciones y Sistemas de Inteligencia Artificial Ministerio de Comercio, Promoci\u00f3n de Empresas e Industria. Ministerio de Justicia, Culto y Derechos Humanos Ministerio de Hidrocarburos y Desarrollo Minero Ministerio de Informaci\u00f3n, Prensa y Cultura. Ministerio de Agricultura, Ganader\u00eda, Bosques y Medio Ambiente Ministerio de Asuntos Exteriores Cooperaci\u00f3n Internacional yLeer m\u00e1s &#8230;<\/p>\n","protected":false},"author":1,"featured_media":0,"parent":0,"menu_order":0,"comment_status":"closed","ping_status":"closed","template":"tpl-default-elementor.php","meta":{"footnotes":""},"class_list":["post-1575","page","type-page","status-publish","hentry"],"_links":{"self":[{"href":"https:\/\/cndesge.org\/index.php?rest_route=\/wp\/v2\/pages\/1575","targetHints":{"allow":["GET"]}}],"collection":[{"href":"https:\/\/cndesge.org\/index.php?rest_route=\/wp\/v2\/pages"}],"about":[{"href":"https:\/\/cndesge.org\/index.php?rest_route=\/wp\/v2\/types\/page"}],"author":[{"embeddable":true,"href":"https:\/\/cndesge.org\/index.php?rest_route=\/wp\/v2\/users\/1"}],"replies":[{"embeddable":true,"href":"https:\/\/cndesge.org\/index.php?rest_route=%2Fwp%2Fv2%2Fcomments&post=1575"}],"version-history":[{"count":36,"href":"https:\/\/cndesge.org\/index.php?rest_route=\/wp\/v2\/pages\/1575\/revisions"}],"predecessor-version":[{"id":12077,"href":"https:\/\/cndesge.org\/index.php?rest_route=\/wp\/v2\/pages\/1575\/revisions\/12077"}],"wp:attachment":[{"href":"https:\/\/cndesge.org\/index.php?rest_route=%2Fwp%2Fv2%2Fmedia&parent=1575"}],"curies":[{"name":"wp","href":"https:\/\/api.w.org\/{rel}","templated":true}]}}